{"id":3,"date":"2020-09-23T11:48:56","date_gmt":"2020-09-23T11:48:56","guid":{"rendered":"https:\/\/www.cancelladebito.it\/?page_id=3"},"modified":"2021-11-13T13:02:17","modified_gmt":"2021-11-13T13:02:17","slug":"privacy-policy","status":"publish","type":"page","link":"https:\/\/www.cancelladebito.it\/en\/privacy-policy\/","title":{"rendered":"Privacy Policy"},"content":{"rendered":"<p class=\"qtranxs-available-languages-message qtranxs-available-languages-message-en\">Sorry, this entry is only available in <a href=\"https:\/\/www.cancelladebito.it\/it\/wp-json\/wp\/v2\/pages\/3\" class=\"qtranxs-available-language-link qtranxs-available-language-link-it\" title=\"Italiano\">Italiano<\/a>.<\/p><p><\/p>\n<h2><strong>INFORMATIVA SUL TRATTAMENTO DEI DATI PERSONALI<br \/>\n<\/strong><em>(Ex artt. 13 \u2013 14 reg. UE 2016\/679 e del D.lgs 196\/2003 alla luce del D.lgs. 101\/2018)<\/em><\/h2>\n<p>Gentile Interessato,<\/p>\n<p>di seguito le forniamo alcune informazioni che \u00e8 necessario portare alla sua conoscenza, non solo per ottemperare agli obblighi di legge, ma anche perch\u00e9 la trasparenza e la correttezza nei confronti degli interessati \u00e8 parte fondante della nostra attivit\u00e0.<\/p>\n<p>Il Titolare del Trattamento dei suoi dati personali \u00e8\u00a0ARZIGNANO SERVIZI SRLS, proprietario del marchio <strong>CANCELLA DEBITO,<\/strong> responsabile nei suoi confronti del legittimo e corretto uso dei suoi dati personali e che potr\u00e0 contattare per qualsiasi informazione o richiesta ai seguenti recapiti:<\/p>\n<p>&nbsp;<\/p>\n<table class=\"table\">\n<tbody>\n<tr>\n<td colspan=\"2\" width=\"1180\">Titolare del Trattamento: ARZIGNANO SERVIZI SRLS<\/p>\n<p>Sede: Corso Matteotti 30, 36071, Arzignano (VI)<\/p>\n<p>Contatti e recapiti:<\/td>\n<\/tr>\n<tr>\n<td width=\"275\">Telefono<\/td>\n<td width=\"905\">\u00a0+39 351 775 4171<\/td>\n<\/tr>\n<tr>\n<td width=\"275\">E-mail<\/td>\n<td width=\"905\">\u00a0info@cancelladebito.it<\/td>\n<\/tr>\n<tr>\n<td width=\"275\">Sito Web<\/td>\n<td width=\"905\">\u00a0https:\/\/www.cancelladebito.it<\/td>\n<\/tr>\n<\/tbody>\n<\/table>\n<p><strong>\u00a0<\/strong><\/p>\n<p>Il Titolare del trattamento garantisce la sicurezza, la riservatezza e la protezione dei dati di cui \u00e8 in possesso, in qualsiasi fase del processo di trattamento degli stessi. I dati raccolti vengono utilizzati nel rispetto della normativa vigente in materia di privacy (GDPR 679\/2016). I dati personali possono essere portati a conoscenza degli autorizzati al trattamento e possono essere comunicati a collaboratori e\/o ad altri soggetti rispetto ai quali la comunicazione \u00e8 necessaria per l\u2019erogazione dei servizi, per supporto tecnico dei servizi informatici\/telematici e conservazione server. I dati forniti dall\u2019utente potranno essere comunicati ai soggetti per i quali sussista un obbligo di comunicazione ai sensi di legge o una necessit\u00e0 di comunicazione per far valere un giusto diritto della titolare presso gli organi preposti. Non \u00e8 previsto il trasferimento dei dati personali raccolti in paesi extra-UE o ad organizzazioni internazionali.<\/p>\n<h4><strong>FINALIT\u00c0 DEL TRATTAMENTO<\/strong><\/h4>\n<p>I sistemi informatici e le procedure software che regolano il funzionamento di questo sito acquisiscono i dati di navigazione.<\/p>\n<ul>\n<li>indirizzi IP o nomi a dominio dei computer utilizzati dagli utenti che si connettono al sito;<\/li>\n<li>orario della richiesta;<\/li>\n<li>metodo utilizzato nel sottoporre la richiesta al server;<\/li>\n<li>codice numerico indicante lo stato della risposta data dal server (buon fine, errore, ecc.);<\/li>\n<li>altri parametri relativi al sistema operativo e al browser utilizzati dall\u2019utente.<\/li>\n<\/ul>\n<p>I dati che gli utenti forniscono volontariamente attraverso questo sito mediante chiamate, email, form, chat e navigazione sul sito, vengono trattati allo scopo di permettere l\u2019accesso a prodotti, servizi e contenuti, nonch\u00e9 di eseguire il servizio o la prestazione richiesta. Relativamente ad alcuni servizi specifici, e previo consenso informato dell\u2019interessato, il Titolare del trattamento pu\u00f2 utilizzare tali dati anche per la realizzazione di attivit\u00e0 di vendita o di collocamento di prodotti e servizi e per elaborare studi e ricerche di mercato. In ogni caso, i dati acquisiti potrebbero venire utilizzati per accertare responsabilit\u00e0 relative a ipotetici reati anche informatici ai danni del sito.<\/p>\n<h4><strong>INFORMAZIONI PERSONALI CHE RACCOGLIAMO<\/strong><\/h4>\n<p>In ogni occasione di contatto o interazione con il visitatore potrebbero venire raccolte alcune informazioni personali quali:<\/p>\n<ul>\n<li>Nome;<\/li>\n<li>Cognome;<\/li>\n<li>Telefono;<\/li>\n<li>Email;<\/li>\n<li>Ogni altro dato che ci viene eventualmente fornito volontariamente dall\u2019utente.<\/li>\n<\/ul>\n<p>A parte quanto specificato in seguito per quanto riguarda i dati di navigazione, l\u2019utente \u00e8 libero di fornire i propri dati personali, mentre il loro mancato conferimento pu\u00f2 causare unicamente l\u2019impossibilit\u00e0 di ottenere quanto richiesto.<\/p>\n<h4><strong>INFORMAZIONI CHE RACCOGLIAMO DA TERZE PARTI<\/strong><\/h4>\n<p>Durante la navigazione raccogliamo informazioni standard sull\u2019accesso e dettagli del modello di comportamento degli utenti. Tali dati vengono utilizzati, ad esempio, per ottenere informazioni sul numero di visitatori che navigano le diverse sezioni del sito e, previa raccolta del consenso da parte dell\u2019interessato, per le attivit\u00e0 di marketing e profilazione dell\u2019utente<\/p>\n<h4><strong>TEMPI DI CONSERVAZIONE<\/strong><\/h4>\n<p>Nel rispetto dei principi di proporzionalit\u00e0 e necessit\u00e0, nessun dato verr\u00e0 conservato per periodi pi\u00f9 lunghi rispetto a quelli necessari alla realizzazione delle finalit\u00e0 sopra indicate e, quindi, al servizio offerto o alle specifiche norme di legge.<\/p>\n<p>I dati che vengono raccolti attraverso i cookies, di cui alla specifica informativa che segue, verranno conservati a seconda della loro natura: i cookies di sessione scadranno quando l\u2019utente chiuder\u00e0 il browser, i cookies persistenti hanno date di scadenza tipiche che, a meno di particolari eccezioni, non saranno superiori a 60 giorni.<\/p>\n<p>L\u2019utente, comunque, potr\u00e0 in ogni momento chiedere l\u2019interruzione del trattamento o la cancellazione e\/o la limitazione dei dati.<\/p>\n<h4><strong>TRASFERIMENTO DATI EXTRA UE<\/strong><\/h4>\n<p>I dati potranno essere trasferiti a destinatari con sede in USA\u00a0<em>(Google LLC per attivit\u00e0 di profilazione dell\u2019utente,di marketing, remarketing e per l\u2019ottimizzazione della visualizzazione delle pagine, Facebook Inc. per consentire la condivisione di contenuti del sito dai social).\u00a0<\/em>L\u2019accordo del 12 giugno 2016 (Privacy Shield) sancisce la liceit\u00e0 di questo trasferimento, garantendo che i dati saranno trattati secondo un livello di protezione adeguato.<\/p>\n<h4><strong>DIRITTI E REVOCA DEL CONSENSO<\/strong><\/h4>\n<p>Il GDPR 679\/2016 riconosce all\u2019Interessato alcuni diritti:<\/p>\n<ul>\n<li>15 \u2013 diritto di accesso ai dati raccolti e trattati;<\/li>\n<li>16 \u2013 diritto di ottenere la rettifica dei dati;<\/li>\n<li>17 \u2013 diritto di ottenere la cancellazione dei dati e diritto all\u2019oblio;<\/li>\n<li>18 \u2013 diritto di ottenere la limitazione del trattamento;<\/li>\n<li>20 \u2013 diritto alla portabilit\u00e0 dei dati ad altro titolare;<\/li>\n<li>21 \u2013 diritto di opposizione al trattamento;<\/li>\n<li>22 \u2013 diritto alla non sottoposizione a trattamenti automatizzati;<\/li>\n<li>7 \u2013 diritto di revocare il consenso in qualsiasi momento, senza pregiudicare la liceit\u00e0 del trattamento basata sul consenso prestato prima della revoca;<\/li>\n<li>77 \u2013 diritto di presentare reclamo all\u2019Autorit\u00e0 di Controllo.<\/li>\n<\/ul>\n<p>L\u2019esercizio dei premessi diritti pu\u00f2 essere praticato inviando una richiesta a mezzo e-mail ai contatti del titolare.<\/p>\n<p>Informazioni aggiuntive in merito al trattamento dei Dati Personali possono essere richieste in qualsiasi momento al Titolare del Trattamento utilizzando le informazioni di contatto.<\/p>\n<h4><strong>MODIFICHE A QUESTA PRIVACY POLICY<\/strong><\/h4>\n<p>Il Titolare del Trattamento si riserva il diritto di apportare modifiche alla presente privacy policy in qualsiasi momento, dandone notizia agli Utenti su questa pagina. I visitatori sono quindi invitati a consultare spesso questa pagina, tenendo come riferimento la data dell\u2019ultima modifica indicata in fondo. In caso di mancata accettazione delle modifiche apportate alla presente privacy policy, l\u2019Utente \u00e8 tenuto ad interrompere immediatamente l\u2019utilizzo di questo sito e pu\u00f2 richiedere al Titolare del Trattamento di rimuovere i propri Dati Personali.<\/p>\n<p>Salvo quanto diversamente specificato.<\/p>\n<h4><strong>MINORI DI ANNI 14<\/strong><\/h4>\n<p>Il nostro sito web \u00e8 rivolto ad un pubblico generalista e non offre alcun servizio dedicato a bambini. Se venissimo a conoscenza di dati personali di un minore di anni 14, da lui forniti senza l\u2019autorizzazione dei genitori o di eventuale tutore, provvederemmo ad eliminare tali informazioni immediatamente.<\/p>\n<h4><strong>DIFESA IN GIUDIZIO<\/strong><\/h4>\n<p>I Dati Personali dell\u2019Utente potrebbero venire utilizzati per la difesa in giudizio da parte del Titolare o nelle fasi propedeutiche alla sua eventuale instaurazione, da abusi nell\u2019utilizzo della stessa o dei servizi connessi da parte dell\u2019Utente. A seguito di citazione in giudizio, ordinanza giudiziaria o altra iniziativa legale; al fine di stabilire o esercitare i diritti riconosciuti dalla legge al Titolare; per tutelare nell\u2019eventualit\u00e0 di azione legale ai danni del Titolare o per altra finalit\u00e0 dettata dalla legge.<\/p>\n<p>L\u2019Utente dichiara di essere a conoscenza che potrebbe essere richiesto al Titolare di rivelare i Dati Personali, da parte delle pubbliche autorit\u00e0.<\/p>\n<h4><strong>COOKIE<\/strong>\u00a0<strong>POLICY<\/strong><\/h4>\n<p>I web cookies possono essere definiti come stringhe di testo di piccole dimensioni che i siti visitati dall\u2019utente inviano al suo terminale (tipicamente al browser), dove vengono memorizzati per essere poi ritrasmessi agli stessi siti alla successiva visita del medesimo utente. Il titolare del trattamento dei dati personali di questo sito dichiara che lo stesso utilizza cookies e\/o altri strumenti informatici analoghi al fine di permettere ed ottimizzare la visualizzazione delle pagine web e degli elementi in esse contenuti, per finalit\u00e0 di marketing e\/o profilazione.<\/p>\n<p>Le informazioni raccolte con questi strumenti potranno riguardare, a titolo esemplificativo:<\/p>\n<ol>\n<li>a) il tipo di browser utilizzato (ad esempio, Internet Explorer, Google Chrome; Firefox, ecc.);<\/li>\n<li>b) il nome del sito dal quale l\u2019utente accede ad internet;<\/li>\n<li>c) il sito web da cui l\u2019utente ha raggiunto il sito;<\/li>\n<li>d) la data, l\u2019ora e la zona dell\u2019accesso;<\/li>\n<li>e) le pagine che sono state visitate.<\/li>\n<\/ol>\n<p>Si garantisce che il presente sito web NON utilizza cookies propri a scopo di profilazione, pubblicit\u00e0 o geo-localizzazione oppure altri simili strumenti informatici aventi scopo di acquisire dati dell\u2019utente a meri fini pubblicitari.<\/p>\n<p>In ogni caso, l\u2019utente potr\u00e0 definire diverse opzioni relative ai cookies, modificando le opzioni di navigazione del proprio browser, rispettando modalit\u00e0 e limiti concessi dallo stesso.<\/p>\n<p>La modifica dei parametri del browser potr\u00e0 essere effettuata normalmente selezionando la voce:<\/p>\n<p>\u201cOpzioni Internet\u201d o \u201cPreferenze\u201d dal men\u00f9 \u201cStrumenti\u201d o \u201cVisualizza\u201d o \u201cModifica\u201d e, successivamente, selezionando la dicitura: \u201cPrivacy\u201d o \u201cProtezione\u201d o \u201cScaricamento Files\u201d, ed, in seguito, scegliendo le impostazioni preferite. Considerata la molteplicit\u00e0 di browser attualmente in uso sar\u00e0 senz\u2019altro opportuno fare riferimento alle istruzioni caratteristiche ed ai manuali specifici di ogni programma per la navigazione in rete.<\/p>\n<p>Questo sito si avvale di cookies volti a raccogliere dati di navigazione dell\u2019utente (cookie analytics) con l\u2019utilizzo di Google Analytics; inoltre, allo scopo di offrire all\u2019utente una migliore esperienza di navigazione, potrebbero venire installati sul computer dell\u2019utente ulteriori strumenti informatici (esclusivamente ad opera di terze parti) anche a fini di profilazione, pubblicitari o di geo-localizzazione, riconducibili ai seguenti soggetti terzi:<\/p>\n<table class=\"table\">\n<tbody>\n<tr>\n<td width=\"190\"><strong>TERZA PARTE<\/strong><\/td>\n<td width=\"340\"><strong>FUNZIONE DICHIARATA<\/strong><\/td>\n<td width=\"650\"><strong>LINK<\/strong><\/td>\n<\/tr>\n<tr>\n<td width=\"190\"><strong>Google \u2013 TAG Manager \u2013 Analytics \u2013AdWords \u2013 DoubleClick<\/strong><\/td>\n<td width=\"340\">Strumenti di Google LLC che svolge attivit\u00e0 di profilazione e di marketing o remarketing.<\/td>\n<td width=\"650\"><a href=\"https:\/\/www.google.it\/intl\/it\/policies\/technologies\/cookies\">https:\/\/www.google.it\/intl\/it\/policies\/technologies\/cookies\u00a0<\/a>Per negare il consenso all\u2019utilizzo dei dati relative a Google Analytics:\u00a0<a href=\"https:\/\/tools.google.com\/dlpage\/gaoptout?hl=en\">https:\/\/tools.google.com\/dlpage\/gaoptout?hl=en<\/a>.<\/p>\n<p><a href=\"https:\/\/support.google.com\/google-ads\/answer\/2549063?hl=en-GB\">https:\/\/support.google.com\/google-ads\/answer\/2549063?hl=en-GB<\/a>.<\/td>\n<\/tr>\n<tr>\n<td width=\"190\"><strong>Facebook \u2013 Facebook Connect<\/strong><\/td>\n<td width=\"340\">Possibile utilizzo a fini di profilazione, pubblicit\u00e0 o localizzazione da parte del terzo<\/td>\n<td width=\"650\">https:\/\/www.facebook.com\/legal\/terms\/customaudience<\/td>\n<\/tr>\n<\/tbody>\n<\/table>\n<p>Con riferimento alla specifica funzione, all\u2019informativa ed al consenso relativi ai cookies installati dai sopradetti soggetti terzi, invitiamo l\u2019utente a collegarsi ai link sopra indicati, nonch\u00e9 a visitare il sito:\u00a0<a href=\"http:\/\/www.youronlinechoices.com\/it\">http:\/\/www.youronlinechoices.com\/it\u00a0<\/a><\/p>\n<p>Attenzione: modificando i parametri relativi alla privacy e\/o alla visualizzazione dei cookies potrebbero verificarsi limitazioni nella visualizzazione o nelle funzioni offerte da questo sito!<\/p>\n<h3><strong>INFORMATIVA MARKETING<\/strong><\/h3>\n<p>Gentile Interessato,<\/p>\n<p>di seguito le forniamo alcune informazioni che \u00e8 necessario portare alla sua conoscenza, non solo per ottemperare agli obblighi di cui al Reg. UE 2016\/679, ma anche perch\u00e9 la trasparenza e la correttezza nei confronti della nostra clientela \u00e8 parte fondante della nostra attivit\u00e0.<\/p>\n<table class=\"table\">\n<tbody>\n<tr>\n<td colspan=\"2\" width=\"1138\">Il Titolare del Trattamento dei suoi dati personali \u00e8\u00a0ARZIGNANO SERVIZI SRLS, responsabile nei suoi confronti del legittimo e corretto uso dei suoi dati personali e che potr\u00e0 contattare per qualsiasi informazione o richiesta ai seguenti recapiti:<\/td>\n<\/tr>\n<tr>\n<td colspan=\"2\" width=\"1138\">Titolare del Trattamento: ARZIGNANO SERVIZI SRLS<\/p>\n<p>Sede: Corso Matteotti 30, 36071, Arzignano (VI)<\/p>\n<p>Contatti e recapiti:<\/td>\n<\/tr>\n<tr>\n<td width=\"265\">Telefono<\/td>\n<td width=\"873\">\u00a0+39 351 775 4171<\/td>\n<\/tr>\n<tr>\n<td width=\"265\">E-mail<\/td>\n<td width=\"873\">\u00a0info@cancelladebito.it<\/td>\n<\/tr>\n<tr>\n<td width=\"265\">Sito Web<\/td>\n<td width=\"873\">\u00a0<a href=\"https:\/\/www.cancelladebito.it\/\">https:\/\/www.cancelladebito.it\/<\/a><\/td>\n<\/tr>\n<\/tbody>\n<\/table>\n<p>&nbsp;<\/p>\n<p>I suoi dati personali sono raccolti e trattati per le finalit\u00e0 riportate di seguito insieme alla base giuridica di riferimento:<\/p>\n<p>&nbsp;<\/p>\n<p><strong>Trattamento: Marketing<\/strong><\/p>\n<table class=\"table\">\n<tbody>\n<tr>\n<td width=\"295\"><strong>Finalit\u00e0<\/strong><\/td>\n<td width=\"320\"><strong>Dati trattati<\/strong><\/td>\n<td width=\"279\"><strong>Base Giuridica<\/strong><\/td>\n<td width=\"245\"><strong>Durata<\/strong><\/td>\n<\/tr>\n<tr>\n<td width=\"295\">Marketing (analisi e indagini di mercato)<\/td>\n<td width=\"320\">Codice fiscale ed altri numeri di identificazione personale; Nominativo, indirizzo o altri elementi di identificazione personale; Attivit\u00e0 economiche, commerciali, finanziarie, assicurative; Dati di contatto (numero di telefono, e-mail, ecc.)<\/td>\n<td width=\"279\">Consenso<\/td>\n<td width=\"245\">Fino a revoca del consenso. I dati verranno conservati per 10 anni dall\u2019anno in cui il consenso \u00e8 stato revocato<\/td>\n<\/tr>\n<tr>\n<td width=\"295\">Invio di materiale informativo e\/o pubblicitario anche mediante telefono o internet<\/td>\n<td width=\"320\">Codice fiscale ed altri numeri di identificazione personale; Nominativo, indirizzo o altri elementi di identificazione personale; Attivit\u00e0 economiche, commerciali, finanziarie, assicurative; Dati di contatto (numero di telefono, e-mail, ecc.)<\/td>\n<td width=\"279\">Consenso<\/td>\n<td width=\"245\">Fino a revoca del consenso. I dati verranno conservati per 10 anni dall\u2019anno in cui il consenso \u00e8 stato revocato<\/td>\n<\/tr>\n<\/tbody>\n<\/table>\n<p>&nbsp;<\/p>\n<p><strong>Destinatari:<\/strong>\u00a0I suoi dati potranno essere comunicati a liberi professionisti anche in forma associata, societ\u00e0 o imprese.<\/p>\n<p>&nbsp;<\/p>\n<p><strong>*Durata: Oltre al tempo necessario al maturarsi dei termini prescrizionali in ordine ai reciproci diritti.<\/strong><\/p>\n<p>&nbsp;<\/p>\n<h4><strong>MODIFICHE A QUESTA PRIVACY POLICY<\/strong><\/h4>\n<p>Il Titolare del Trattamento si riserva il diritto di apportare modifiche alla presente privacy policy in qualsiasi momento, dandone notizia agli interessati. In caso di mancata accettazione delle modifiche apportate alla presente privacy policy, l\u2019Interessato pu\u00f2 richiedere al Titolare del Trattamento di rimuovere i propri Dati Personali.<\/p>\n<p>Salvo quanto diversamente specificato.<\/p>\n<h4><strong>Trasferimento dati Extra UE<\/strong><\/h4>\n<p>I dati potranno essere trasferiti a destinatari con sede in USA L\u2019accordo del 12 giugno 2016 (Privacy Shield) sancisce la liceit\u00e0 di questo trasferimento, garantendo che i dati saranno trattati secondo un livello di protezione adeguato.<\/p>\n<p>Oltre a queste informazioni, per garantirle un trattamento dei suoi dati il pi\u00f9 corretto e trasparente possibile, deve essere a conoscenza del fatto che:<\/p>\n<ul>\n<li>La durata del trattamento \u00e8 determinata come segue: 10 anni dalla raccolta dei dati<\/li>\n<li>ha il diritto di chiedere al titolare del trattamento l\u2019accesso ai suoi dati personali e la rettifica o la cancellazione degli stessi o la limitazione del trattamento che la riguarda o di opporsi al loro trattamento<\/li>\n<li>se ha fornito il consenso per una o pi\u00f9 specifiche finalit\u00e0, ha il diritto di revocare tale consenso in qualsiasi momento<\/li>\n<li>ha il diritto di proporre reclamo alla seguente Autorit\u00e0 di Controllo: Garante per la protezione dei dati personali<\/li>\n<li>L\u2019interessato ha il diritto alla portabilit\u00e0 dei suoi dati personali<\/li>\n<\/ul>\n<p><\/p>","protected":false},"excerpt":{"rendered":"<p>Sorry, this entry is only available in Italiano. INFORMATIVA SUL TRATTAMENTO DEI DATI PERSONALI (Ex artt. 13 \u2013 14 reg. UE 2016\/679 e del D.lgs 196\/2003 alla luce del D.lgs. 101\/2018) Gentile Interessato, di seguito le forniamo alcune informazioni che \u00e8 necessario portare alla sua conoscenza, non solo per ottemperare agli obblighi di legge, ma [&hellip;]<\/p>\n","protected":false},"author":1,"featured_media":0,"parent":0,"menu_order":15,"comment_status":"closed","ping_status":"closed","template":"","meta":{"footnotes":""},"class_list":["post-3","page","type-page","status-publish","hentry"],"aioseo_notices":[],"_links":{"self":[{"href":"https:\/\/www.cancelladebito.it\/en\/wp-json\/wp\/v2\/pages\/3","targetHints":{"allow":["GET"]}}],"collection":[{"href":"https:\/\/www.cancelladebito.it\/en\/wp-json\/wp\/v2\/pages"}],"about":[{"href":"https:\/\/www.cancelladebito.it\/en\/wp-json\/wp\/v2\/types\/page"}],"author":[{"embeddable":true,"href":"https:\/\/www.cancelladebito.it\/en\/wp-json\/wp\/v2\/users\/1"}],"replies":[{"embeddable":true,"href":"https:\/\/www.cancelladebito.it\/en\/wp-json\/wp\/v2\/comments?post=3"}],"version-history":[{"count":6,"href":"https:\/\/www.cancelladebito.it\/en\/wp-json\/wp\/v2\/pages\/3\/revisions"}],"predecessor-version":[{"id":521,"href":"https:\/\/www.cancelladebito.it\/en\/wp-json\/wp\/v2\/pages\/3\/revisions\/521"}],"wp:attachment":[{"href":"https:\/\/www.cancelladebito.it\/en\/wp-json\/wp\/v2\/media?parent=3"}],"curies":[{"name":"wp","href":"https:\/\/api.w.org\/{rel}","templated":true}]}}